{"id":203542,"date":"2025-03-27T13:42:50","date_gmt":"2025-03-27T11:42:50","guid":{"rendered":"https:\/\/staging.rb-academy.it\/corsi\/senza-categoria\/corso-di-intelligenza-emotiva-cose-e-come-svilupparla\/"},"modified":"2025-03-27T13:42:50","modified_gmt":"2025-03-27T11:42:50","slug":"corso-di-intelligenza-emotiva-cose-e-come-svilupparla","status":"publish","type":"product","link":"https:\/\/www.rb-academy.it\/?product=corso-di-intelligenza-emotiva-cose-e-come-svilupparla","title":{"rendered":"Corso di Intelligenza Emotiva: cos\u2019\u00e8 e come svilupparla"},"content":{"rendered":"<p>Che cosa vuol dire essere intelligenti? Ci sono tantissimi modi ai quali rispondere a questa domanda e, come molte volte accade, alcune risposte sono pi\u00f9 giuste di altre.<\/p>\n<p><\/p>\n<p>Poniamoci, invece, una domanda specifica: \u201cUna persona con un QI (Quoziente Intellettivo) di 120 \u00e8 pi\u00f9 intelligente di una con 110?\u201d. In questo caso le risposte corrette diventano meno.<\/p>\n<p><\/p>\n<p>All\u2019interno del Corso di Intelligenza Emotiva metteremo in discussione tantissimi concetti noti a molti, ricalibrando e ridistribuendo le risorse che hai al fine di valorizzare quello che sei.<\/p>\n<p><\/p>\n<p>Durante le lezioni affronteremo tantissimi costrutti che fanno parte dell\u2019Intelligenza Emotiva come: l\u2019introversione, l\u2019estroversione, i diversi tipi di intelligenza, la sensibilit\u00e0 e il talento.<\/p>\n<p><\/p>\n<p>\u201cEsistono persone di Serie A e persone di Serie B?\u201d; \u201cQuali tipi di intelligenza esistono e quali mi appartengono?\u201d; \u201cCome posso sviluppare o migliorare ci\u00f2 che sono, rimanendo me stesso?\u201d; \u201cPerch\u00e9 una persona con QI di 120 non \u00e8 pi\u00f9 intelligente di una con QI di 110?\u201d: queste e molte altre saranno le domande a cui risponderemo all\u2019interno del Corso di Intelligenza Emotiva.<\/p>\n<p><\/p>\n<p>Durata totale: 15 ore<\/p>\n","protected":false},"excerpt":{"rendered":"<p>Che cosa vuol dire essere intelligenti? Ci sono tantissimi modi ai quali rispondere a questa domanda e, come molte volte accade, alcune risposte sono pi\u00f9 giuste di altre. Poniamoci, invece, una domanda specifica: \u201cUna persona con un QI (Quoziente Intellettivo) di 120 \u00e8 pi\u00f9 intelligente di una con 110?\u201d. In questo caso le risposte corrette [&hellip;]<\/p>\n","protected":false},"featured_media":202879,"template":"","meta":[],"product_cat":[1059],"product_tag":[],"class_list":{"0":"post-203542","1":"product","2":"type-product","3":"status-publish","4":"has-post-thumbnail","6":"product_cat-trasformazione-personale","8":"first","9":"instock","10":"taxable","11":"shipping-taxable","12":"purchasable","13":"product-type-simple"},"_links":{"self":[{"href":"https:\/\/www.rb-academy.it\/index.php?rest_route=\/wp\/v2\/product\/203542","targetHints":{"allow":["GET"]}}],"collection":[{"href":"https:\/\/www.rb-academy.it\/index.php?rest_route=\/wp\/v2\/product"}],"about":[{"href":"https:\/\/www.rb-academy.it\/index.php?rest_route=\/wp\/v2\/types\/product"}],"wp:featuredmedia":[{"embeddable":true,"href":"https:\/\/www.rb-academy.it\/index.php?rest_route=\/wp\/v2\/media\/202879"}],"wp:attachment":[{"href":"https:\/\/www.rb-academy.it\/index.php?rest_route=%2Fwp%2Fv2%2Fmedia&parent=203542"}],"wp:term":[{"taxonomy":"product_cat","embeddable":true,"href":"https:\/\/www.rb-academy.it\/index.php?rest_route=%2Fwp%2Fv2%2Fproduct_cat&post=203542"},{"taxonomy":"product_tag","embeddable":true,"href":"https:\/\/www.rb-academy.it\/index.php?rest_route=%2Fwp%2Fv2%2Fproduct_tag&post=203542"}],"curies":[{"name":"wp","href":"https:\/\/api.w.org\/{rel}","templated":true}]}}