{"id":203554,"date":"2025-03-27T13:42:56","date_gmt":"2025-03-27T11:42:56","guid":{"rendered":"https:\/\/staging.rb-academy.it\/corsi\/senza-categoria\/comunicazione-efficace-per-bartender\/"},"modified":"2025-03-27T13:42:56","modified_gmt":"2025-03-27T11:42:56","slug":"comunicazione-efficace-per-bartender","status":"publish","type":"product","link":"https:\/\/www.rb-academy.it\/?product=comunicazione-efficace-per-bartender","title":{"rendered":"Comunicazione efficace per bartender"},"content":{"rendered":"<p>La mia professione di Coach e F&amp;B Manager, mi ha permesso di capire che le tecniche di PNL (Programmazione Neuro Linguistica) sono un elemento fondamentale della professionalit\u00e0 di un bartender. Ma anche di un cameriere, direttore di sala o commesso.<\/p>\n<p><\/p>\n<p>La capacit\u00e0 di comprendere i bisogni degli altri \u00e8 fondamentale per chi vive della soddisfazione del cliente.<\/p>\n<p><\/p>\n<p>In questo corso imparerai alcune importanti tecniche estrapolate da questa metodica, specificatamente adattate alla nostra realt\u00e0 di professionisti dell\u2019hospitality.<\/p>\n<p><\/p>\n<p>Durata totale: 6 ore<\/p>\n","protected":false},"excerpt":{"rendered":"<p>La mia professione di Coach e F&amp;B Manager, mi ha permesso di capire che le tecniche di PNL (Programmazione Neuro Linguistica) sono un elemento fondamentale della professionalit\u00e0 di un bartender. Ma anche di un cameriere, direttore di sala o commesso. La capacit\u00e0 di comprendere i bisogni degli altri \u00e8 fondamentale per chi vive della soddisfazione [&hellip;]<\/p>\n","protected":false},"featured_media":202903,"template":"","meta":[],"product_cat":[1115],"product_tag":[],"class_list":{"0":"post-203554","1":"product","2":"type-product","3":"status-publish","4":"has-post-thumbnail","6":"product_cat-bartending-e-cocktail","8":"first","9":"instock","10":"taxable","11":"shipping-taxable","12":"purchasable","13":"product-type-simple"},"_links":{"self":[{"href":"https:\/\/www.rb-academy.it\/index.php?rest_route=\/wp\/v2\/product\/203554","targetHints":{"allow":["GET"]}}],"collection":[{"href":"https:\/\/www.rb-academy.it\/index.php?rest_route=\/wp\/v2\/product"}],"about":[{"href":"https:\/\/www.rb-academy.it\/index.php?rest_route=\/wp\/v2\/types\/product"}],"wp:featuredmedia":[{"embeddable":true,"href":"https:\/\/www.rb-academy.it\/index.php?rest_route=\/wp\/v2\/media\/202903"}],"wp:attachment":[{"href":"https:\/\/www.rb-academy.it\/index.php?rest_route=%2Fwp%2Fv2%2Fmedia&parent=203554"}],"wp:term":[{"taxonomy":"product_cat","embeddable":true,"href":"https:\/\/www.rb-academy.it\/index.php?rest_route=%2Fwp%2Fv2%2Fproduct_cat&post=203554"},{"taxonomy":"product_tag","embeddable":true,"href":"https:\/\/www.rb-academy.it\/index.php?rest_route=%2Fwp%2Fv2%2Fproduct_tag&post=203554"}],"curies":[{"name":"wp","href":"https:\/\/api.w.org\/{rel}","templated":true}]}}