{"id":203556,"date":"2025-03-27T13:43:00","date_gmt":"2025-03-27T11:43:00","guid":{"rendered":"https:\/\/staging.rb-academy.it\/corsi\/senza-categoria\/corso-sulla-resilienza-superare-situazioni-di-difficolta\/"},"modified":"2025-03-27T13:43:00","modified_gmt":"2025-03-27T11:43:00","slug":"corso-sulla-resilienza-superare-situazioni-di-difficolta","status":"publish","type":"product","link":"https:\/\/www.rb-academy.it\/?product=corso-sulla-resilienza-superare-situazioni-di-difficolta","title":{"rendered":"Corso sulla Resilienza: superare situazioni di difficolt\u00e0"},"content":{"rendered":"<p>La Resilienza \u00e8 la capacit\u00e0 umana di passare attraverso eventi complessi, drammatici o spiacevoli senza esserne indeboliti e trasformandoli invece a proprio vantaggio. Competizione agguerrita, cambiamenti organizzativi, relazioni faticose, pressione su tempi e risultati, apparenti battute d&#8217;arresto nella vita privata e lavorativa&#8230;essere resilienti significa adattarsi ai possibili futuri cambiamenti o a quelli gi\u00e0 in essere, siano questi lavorativi o personali, avere le capacit\u00e0 per andare avanti e accedere a nuove risorse, affrontando in maniera positiva gli eventi e riorganizzandosi, magari in un modo sconosciuto prima dell&#8217;avvenimento.<br \/>Il corso, quindi, tratterr\u00e0 suggerimenti, strumenti e tecniche per restare calmi e fiduciosi in se stessi nei momenti di difficolt\u00e0 e per riprendersi dalle sconfitte.<\/p>\n<p><\/p>\n<p>Durata totale: 15 ore<\/p>\n","protected":false},"excerpt":{"rendered":"<p>La Resilienza \u00e8 la capacit\u00e0 umana di passare attraverso eventi complessi, drammatici o spiacevoli senza esserne indeboliti e trasformandoli invece a proprio vantaggio. Competizione agguerrita, cambiamenti organizzativi, relazioni faticose, pressione su tempi e risultati, apparenti battute d&#8217;arresto nella vita privata e lavorativa&#8230;essere resilienti significa adattarsi ai possibili futuri cambiamenti o a quelli gi\u00e0 in essere, [&hellip;]<\/p>\n","protected":false},"featured_media":202907,"template":"","meta":[],"product_cat":[1059],"product_tag":[],"class_list":{"0":"post-203556","1":"product","2":"type-product","3":"status-publish","4":"has-post-thumbnail","6":"product_cat-trasformazione-personale","8":"first","9":"instock","10":"taxable","11":"shipping-taxable","12":"purchasable","13":"product-type-simple"},"_links":{"self":[{"href":"https:\/\/www.rb-academy.it\/index.php?rest_route=\/wp\/v2\/product\/203556","targetHints":{"allow":["GET"]}}],"collection":[{"href":"https:\/\/www.rb-academy.it\/index.php?rest_route=\/wp\/v2\/product"}],"about":[{"href":"https:\/\/www.rb-academy.it\/index.php?rest_route=\/wp\/v2\/types\/product"}],"wp:featuredmedia":[{"embeddable":true,"href":"https:\/\/www.rb-academy.it\/index.php?rest_route=\/wp\/v2\/media\/202907"}],"wp:attachment":[{"href":"https:\/\/www.rb-academy.it\/index.php?rest_route=%2Fwp%2Fv2%2Fmedia&parent=203556"}],"wp:term":[{"taxonomy":"product_cat","embeddable":true,"href":"https:\/\/www.rb-academy.it\/index.php?rest_route=%2Fwp%2Fv2%2Fproduct_cat&post=203556"},{"taxonomy":"product_tag","embeddable":true,"href":"https:\/\/www.rb-academy.it\/index.php?rest_route=%2Fwp%2Fv2%2Fproduct_tag&post=203556"}],"curies":[{"name":"wp","href":"https:\/\/api.w.org\/{rel}","templated":true}]}}