{"id":203561,"date":"2025-03-27T13:43:05","date_gmt":"2025-03-27T11:43:05","guid":{"rendered":"https:\/\/staging.rb-academy.it\/corsi\/senza-categoria\/la-profonda-verita\/"},"modified":"2025-03-27T13:43:05","modified_gmt":"2025-03-27T11:43:05","slug":"la-profonda-verita","status":"publish","type":"product","link":"https:\/\/www.rb-academy.it\/?product=la-profonda-verita","title":{"rendered":"La Profonda Verit\u00e0"},"content":{"rendered":"<p>In questo entusiasmante seminario Gregg Braden ci porta alla scoperta della Profonda Verit\u00e0 racchiusa nel nostro passato.<br \/>In questa antichit\u00e0 misteriosa, che stiamo riscoprendo attraverso i pi\u00f9 recenti ritrovamenti archeologici, si celano i semi che germoglieranno nel futuro lontano, semi che ci promettono un mondo senza guerra, fame, tristezza e disperazione, un mondo senza odio, il mondo che abbiamo sempre sognato e che abbiamo gi\u00e0 avuto, dobbiamo solo riscoprirlo e farlo nostro.<\/p>\n<p><\/p>\n<p>Potremo raggiungere questo paradiso terrestre solo se, nel presente, sapremo sintonizzarci tutti alla stessa vibrazione, la vibrazione che parte dal nostro cuore e pu\u00f2 sintonizzarci sul campo della matrix divina: l&#8217;amore.<br \/>In questo stato noi siamo liberi di creare il mondo cos\u00ec come lo vogliamo, perch\u00e9 diventiamo tutti uno, ci fondiamo ad un livello superiore con tutti gli esseri umani, con il mondo e l&#8217;intero universo.<\/p>\n<p><\/p>\n<p>Riusciremo a capire che siamo tutti una famiglia e a vivere insieme su questa terra nel rispetto e nell&#8217;amore di ogni singola creatura?<br \/>Riusciranno gli indizi del passato ad aprirci gli occhi sul futuro?<\/p>\n<p><\/p>\n<p>La risposta a questi grandi interrogativi sei solo TU.<\/p>\n<p><\/p>\n<p>Durata totale: 7 ore<\/p>\n","protected":false},"excerpt":{"rendered":"<p>In questo entusiasmante seminario Gregg Braden ci porta alla scoperta della Profonda Verit\u00e0 racchiusa nel nostro passato. In questa antichit\u00e0 misteriosa, che stiamo riscoprendo attraverso i pi\u00f9 recenti ritrovamenti archeologici, si celano i semi che germoglieranno nel futuro lontano, semi che ci promettono un mondo senza guerra, fame, tristezza e disperazione, un mondo senza odio, [&hellip;]<\/p>\n","protected":false},"featured_media":203560,"template":"","meta":[],"product_cat":[1059],"product_tag":[],"class_list":{"0":"post-203561","1":"product","2":"type-product","3":"status-publish","4":"has-post-thumbnail","6":"product_cat-trasformazione-personale","8":"first","9":"instock","10":"taxable","11":"shipping-taxable","12":"purchasable","13":"product-type-simple"},"_links":{"self":[{"href":"https:\/\/www.rb-academy.it\/index.php?rest_route=\/wp\/v2\/product\/203561","targetHints":{"allow":["GET"]}}],"collection":[{"href":"https:\/\/www.rb-academy.it\/index.php?rest_route=\/wp\/v2\/product"}],"about":[{"href":"https:\/\/www.rb-academy.it\/index.php?rest_route=\/wp\/v2\/types\/product"}],"wp:featuredmedia":[{"embeddable":true,"href":"https:\/\/www.rb-academy.it\/index.php?rest_route=\/wp\/v2\/media\/203560"}],"wp:attachment":[{"href":"https:\/\/www.rb-academy.it\/index.php?rest_route=%2Fwp%2Fv2%2Fmedia&parent=203561"}],"wp:term":[{"taxonomy":"product_cat","embeddable":true,"href":"https:\/\/www.rb-academy.it\/index.php?rest_route=%2Fwp%2Fv2%2Fproduct_cat&post=203561"},{"taxonomy":"product_tag","embeddable":true,"href":"https:\/\/www.rb-academy.it\/index.php?rest_route=%2Fwp%2Fv2%2Fproduct_tag&post=203561"}],"curies":[{"name":"wp","href":"https:\/\/api.w.org\/{rel}","templated":true}]}}