{"id":203564,"date":"2025-03-27T13:43:05","date_gmt":"2025-03-27T11:43:05","guid":{"rendered":"https:\/\/staging.rb-academy.it\/corsi\/senza-categoria\/saper-comunicare-in-modo-efficace\/"},"modified":"2025-03-27T13:43:05","modified_gmt":"2025-03-27T11:43:05","slug":"saper-comunicare-in-modo-efficace","status":"publish","type":"product","link":"https:\/\/www.rb-academy.it\/?product=saper-comunicare-in-modo-efficace","title":{"rendered":"Saper comunicare in modo efficace"},"content":{"rendered":"<p>Perch\u00e9 la mia comunicazione non sempre ottiene lo scopo voluto?<br \/>Perch\u00e9 con certe persone \u00e8 pi\u00f9 facile comunicare e con altre \u00e8 spesso impossibile?<br \/>Come posso costruire un rapporto e interagire efficacemente anche con esse?<\/p>\n<p><\/p>\n<p>Quanto pesano le relazioni interpersonali sul nostro vivere quotidiano e quanto possiamo soffrire, quando ci rendiamo conto che gli strumenti per interagire con gli altri non sono sempre all&#8217;altezza delle nostre aspettative?<br \/>Il corso presenta un piano per favorire la comprensione di s\u00e9 e degli altri nei vari ambienti permettendo di identificare il proprio stile comportamentale, di migliorare la capacit\u00e0 di riconoscere stili comportamentali differenti e di prevenire e ridurre potenziali situazioni di conflitto con gli altri.<\/p>\n<p><\/p>\n<p>Saper comunicare pu\u00f2 sembrare solo una capacit\u00e0 che ci aiuta a migliorare il controllo della propria tensione e ad esprimerci correttamente quando ci si trova di fronte a un gruppo di interlocutori. In realt\u00e0 questa visione \u00e8 troppo limitante. Saper comunicare efficacemente \u00e8 una capacit\u00e0 che permette di sostenere le proprie idee, di affermare con incisivit\u00e0 le proprie proposte, migliorando la propria autostima.<\/p>\n<p><\/p>\n<p>Durata totale: 20 ore<\/p>\n","protected":false},"excerpt":{"rendered":"<p>Perch\u00e9 la mia comunicazione non sempre ottiene lo scopo voluto? Perch\u00e9 con certe persone \u00e8 pi\u00f9 facile comunicare e con altre \u00e8 spesso impossibile? Come posso costruire un rapporto e interagire efficacemente anche con esse? Quanto pesano le relazioni interpersonali sul nostro vivere quotidiano e quanto possiamo soffrire, quando ci rendiamo conto che gli strumenti [&hellip;]<\/p>\n","protected":false},"featured_media":202915,"template":"","meta":[],"product_cat":[1070],"product_tag":[],"class_list":{"0":"post-203564","1":"product","2":"type-product","3":"status-publish","4":"has-post-thumbnail","6":"product_cat-linguaggio-e-comunicazione","8":"first","9":"instock","10":"taxable","11":"shipping-taxable","12":"purchasable","13":"product-type-simple"},"_links":{"self":[{"href":"https:\/\/www.rb-academy.it\/index.php?rest_route=\/wp\/v2\/product\/203564","targetHints":{"allow":["GET"]}}],"collection":[{"href":"https:\/\/www.rb-academy.it\/index.php?rest_route=\/wp\/v2\/product"}],"about":[{"href":"https:\/\/www.rb-academy.it\/index.php?rest_route=\/wp\/v2\/types\/product"}],"wp:featuredmedia":[{"embeddable":true,"href":"https:\/\/www.rb-academy.it\/index.php?rest_route=\/wp\/v2\/media\/202915"}],"wp:attachment":[{"href":"https:\/\/www.rb-academy.it\/index.php?rest_route=%2Fwp%2Fv2%2Fmedia&parent=203564"}],"wp:term":[{"taxonomy":"product_cat","embeddable":true,"href":"https:\/\/www.rb-academy.it\/index.php?rest_route=%2Fwp%2Fv2%2Fproduct_cat&post=203564"},{"taxonomy":"product_tag","embeddable":true,"href":"https:\/\/www.rb-academy.it\/index.php?rest_route=%2Fwp%2Fv2%2Fproduct_tag&post=203564"}],"curies":[{"name":"wp","href":"https:\/\/api.w.org\/{rel}","templated":true}]}}