{"id":203568,"date":"2025-03-27T13:43:10","date_gmt":"2025-03-27T11:43:10","guid":{"rendered":"https:\/\/staging.rb-academy.it\/corsi\/senza-categoria\/workshop-di-make-up-sposa\/"},"modified":"2025-03-27T13:43:10","modified_gmt":"2025-03-27T11:43:10","slug":"workshop-di-make-up-sposa","status":"publish","type":"product","link":"https:\/\/www.rb-academy.it\/?product=workshop-di-make-up-sposa","title":{"rendered":"Workshop di Make Up sposa"},"content":{"rendered":"<p>Workshop di Make Up sposa con il make up artist Alioscia Mussi<br \/>In questo workshop intensivo Alioscia Mussi, make up artist di fama internazionale, vi guider\u00e0 in una full immersion nel mondo del bridal make up.<br \/>Durante le lezioni potrete vedere un vero e proprio laboratorio in cui le partecipanti hanno lavorato sulle proprie modelle, affiancate costantemente da Alioscia Mussi che ha condiviso la propria esperienza professionale, dando tutti i consigli utili per realizzare un perfetto trucco sposa.<\/p>\n<p><\/p>\n<p>Il percorso formativo \u00e8 studiato per preparare al meglio il make-up artist che, in un giorno tanto speciale come pu\u00f2 essere quello del matrimonio, deve garantire alla sposa professionalit\u00e0, risultato all\u2019altezza delle aspettative e soluzione ad ogni eventuale problematica.<\/p>\n<p><\/p>\n<p>Durata totale: 8 ore<\/p>\n","protected":false},"excerpt":{"rendered":"<p>Workshop di Make Up sposa con il make up artist Alioscia Mussi In questo workshop intensivo Alioscia Mussi, make up artist di fama internazionale, vi guider\u00e0 in una full immersion nel mondo del bridal make up. Durante le lezioni potrete vedere un vero e proprio laboratorio in cui le partecipanti hanno lavorato sulle proprie modelle, [&hellip;]<\/p>\n","protected":false},"featured_media":202923,"template":"","meta":[],"product_cat":[1064],"product_tag":[],"class_list":{"0":"post-203568","1":"product","2":"type-product","3":"status-publish","4":"has-post-thumbnail","6":"product_cat-make-up","8":"first","9":"instock","10":"taxable","11":"shipping-taxable","12":"purchasable","13":"product-type-simple"},"_links":{"self":[{"href":"https:\/\/www.rb-academy.it\/index.php?rest_route=\/wp\/v2\/product\/203568","targetHints":{"allow":["GET"]}}],"collection":[{"href":"https:\/\/www.rb-academy.it\/index.php?rest_route=\/wp\/v2\/product"}],"about":[{"href":"https:\/\/www.rb-academy.it\/index.php?rest_route=\/wp\/v2\/types\/product"}],"wp:featuredmedia":[{"embeddable":true,"href":"https:\/\/www.rb-academy.it\/index.php?rest_route=\/wp\/v2\/media\/202923"}],"wp:attachment":[{"href":"https:\/\/www.rb-academy.it\/index.php?rest_route=%2Fwp%2Fv2%2Fmedia&parent=203568"}],"wp:term":[{"taxonomy":"product_cat","embeddable":true,"href":"https:\/\/www.rb-academy.it\/index.php?rest_route=%2Fwp%2Fv2%2Fproduct_cat&post=203568"},{"taxonomy":"product_tag","embeddable":true,"href":"https:\/\/www.rb-academy.it\/index.php?rest_route=%2Fwp%2Fv2%2Fproduct_tag&post=203568"}],"curies":[{"name":"wp","href":"https:\/\/api.w.org\/{rel}","templated":true}]}}