{"id":203580,"date":"2025-03-27T13:43:18","date_gmt":"2025-03-27T11:43:18","guid":{"rendered":"https:\/\/staging.rb-academy.it\/corsi\/senza-categoria\/corso-base-di-truccabimbi-e-piccoli-eventi\/"},"modified":"2025-03-27T13:43:18","modified_gmt":"2025-03-27T11:43:18","slug":"corso-base-di-truccabimbi-e-piccoli-eventi","status":"publish","type":"product","link":"https:\/\/www.rb-academy.it\/?product=corso-base-di-truccabimbi-e-piccoli-eventi","title":{"rendered":"Corso base di Truccabimbi e piccoli eventi"},"content":{"rendered":"<p>Il corso consente di apprendere a piccoli passi le modalit\u00e0 per realizzare divertenti trucchi su bambini (ma anche su adulti o, perch\u00e9 no, su se stessi!) partendo da realizzazioni pi\u00f9 semplici e veloci fino ad arrivare a realizzazioni pi\u00f9 complesse.<\/p>\n<p><\/p>\n<p>All&#8217;inizio del corso l&#8217;allievo potr\u00e0 apprendere, tramite semplici esercizi, come utilizzare al meglio il materiale e come stendere il colore, quindi imparer\u00e0 come realizzare le figure pi\u00f9 richieste dai bambini attraverso la visione di realizzazioni di maschere di difficolt\u00e0 crescente su bambini di diverse et\u00e0. Saranno date indicazioni utili per l&#8217;organizzazione di piccoli eventi (feste di carnevale, feste di compleanno, feste a tema) e verr\u00e0 messo a disposizione un campionario di foto di realizzazioni da utilizzare come promemoria nel corso dei primi eventi.<\/p>\n<p><\/p>\n<p>Durata totale: 15 ore<\/p>\n","protected":false},"excerpt":{"rendered":"<p>Il corso consente di apprendere a piccoli passi le modalit\u00e0 per realizzare divertenti trucchi su bambini (ma anche su adulti o, perch\u00e9 no, su se stessi!) partendo da realizzazioni pi\u00f9 semplici e veloci fino ad arrivare a realizzazioni pi\u00f9 complesse. All&#8217;inizio del corso l&#8217;allievo potr\u00e0 apprendere, tramite semplici esercizi, come utilizzare al meglio il materiale [&hellip;]<\/p>\n","protected":false},"featured_media":202941,"template":"","meta":[],"product_cat":[1073],"product_tag":[],"class_list":{"0":"post-203580","1":"product","2":"type-product","3":"status-publish","4":"has-post-thumbnail","6":"product_cat-truccabimbi","8":"first","9":"instock","10":"taxable","11":"shipping-taxable","12":"purchasable","13":"product-type-simple"},"_links":{"self":[{"href":"https:\/\/www.rb-academy.it\/index.php?rest_route=\/wp\/v2\/product\/203580","targetHints":{"allow":["GET"]}}],"collection":[{"href":"https:\/\/www.rb-academy.it\/index.php?rest_route=\/wp\/v2\/product"}],"about":[{"href":"https:\/\/www.rb-academy.it\/index.php?rest_route=\/wp\/v2\/types\/product"}],"wp:featuredmedia":[{"embeddable":true,"href":"https:\/\/www.rb-academy.it\/index.php?rest_route=\/wp\/v2\/media\/202941"}],"wp:attachment":[{"href":"https:\/\/www.rb-academy.it\/index.php?rest_route=%2Fwp%2Fv2%2Fmedia&parent=203580"}],"wp:term":[{"taxonomy":"product_cat","embeddable":true,"href":"https:\/\/www.rb-academy.it\/index.php?rest_route=%2Fwp%2Fv2%2Fproduct_cat&post=203580"},{"taxonomy":"product_tag","embeddable":true,"href":"https:\/\/www.rb-academy.it\/index.php?rest_route=%2Fwp%2Fv2%2Fproduct_tag&post=203580"}],"curies":[{"name":"wp","href":"https:\/\/api.w.org\/{rel}","templated":true}]}}