{"id":29883,"date":"2021-05-20T13:21:35","date_gmt":"2021-05-20T11:21:35","guid":{"rendered":"https:\/\/rb-academy.it\/?post_type=product&#038;p=29883"},"modified":"2024-02-28T13:24:16","modified_gmt":"2024-02-28T11:24:16","slug":"revisore-contabile","status":"publish","type":"product","link":"https:\/\/www.rb-academy.it\/?product=revisore-contabile","title":{"rendered":"Corso revisore della contabilit\u00e0 condominiale"},"content":{"rendered":"<h3>Obiettivo<\/h3>\n<div>\n<p>Corso abilitante alla figura del Revisore della contabilit\u00e0 di condominio, ossia formare e abilitare il futuro Revisore condominiale, dandogli la possibilit\u00e0 di acquisire tutti gli strumenti necessari allo svolgimento dell\u2019attivit\u00e0, affinch\u00e9 sia in grado di verificare in maniera chiara e trasparente la contabilit\u00e0 condominiale e di tutelare, pertanto, il patrimonio di tutti i cond\u00f2mini.<\/p>\n<h3>Obblighi normativi<\/h3>\n<p>La <em>Legge di Riforma del Condominio<\/em> (<a href=\"https:\/\/rb-academy.it\/wp-content\/uploads\/LEGGE-111212.pdf\" target=\"_blank\" rel=\"noopener\"><em>Legge n. 220\/2012<\/em><\/a>) introduce, con l\u2019<em>art. 1130-bis del Codice civile<\/em>, la figura del revisore condominiale, disponendo, nello specifico, che \u201cL&#8217;assemblea condominiale pu\u00f2, in qualsiasi momento o per pi\u00f9 annualit\u00e0 specificamente identificate, nominare un revisore che verifichi la contabilit\u00e0 del condominio.\u201d<\/p>\n<p>La norma <a href=\"https:\/\/rb-academy.it\/docs\/UNI 11777.pdf\" target=\"_blank\" rel=\"noopener\">UNI 11777:2020<\/a> definisce i requisiti relativi all\u2019attivit\u00e0 professionale del revisore contabile del condominio.<\/p>\n<h3>Destinatari<\/h3>\n<p>I soggetti che intendono svolgere l\u2019attivit\u00e0 d revisore contabile del condominio.<\/p>\n<h3>Programma<\/h3>\n<p><a href=\"https:\/\/rb-academy.it\/wp-content\/uploads\/codrev-Corso-revisore-della-contabilita-condominiale-indice.pdf\" target=\"_blank\" rel=\"noopener\">CLICCA QUI<\/a> per scaricare il programma del corso per Revisore della contabilit\u00e0 condominiale.<\/p>\n<div>\n<h3>Svolgimento del corso<\/h3>\n<p>Il\u00a0<strong>corso\u00a0 in modalit\u00e0 di e-learning<\/strong>\u00a0si svolge tramite l\u2019utilizzo di un qualsiasi pc dotato di connessione internet veloce (adsl \u2013 umts), smartphone o tablet cos\u00ec da rendere possibile accedere al servizio sia da casa che dall\u2019ufficio o da dove si preferisce ed in qualsiasi ora del giorno. Se per qualche motivo si \u00e8 costretti ad interrompere il corso, al nuovo accesso il sistema riprender\u00e0 il programma dal punto in cui si \u00e8 arrivati, evitando di dover ripetere tutto dal principio.<br \/>\nAll\u2019interno della piattaforma dedicata al corso per amministratore di condominio sar\u00e0 sempre disponibile il relativo materiale didattico scaricabile o consultabile direttamente dal computer, un compendio necessario ed importante nell\u2019approfondimento del percorso formativo.<\/p>\n<h3>Durata<\/h3>\n<p>Il corso ha una durata complessiva di 48 ore, di cui 43 di lezione e 5 di esercitazione.<\/p>\n<h3>Test di verifica<\/h3>\n<div>Maturate le ore di corso sulla piattaforma di formazione, \u00e8 possibile accedere al test di verifica con un nostro incaricato.<\/div>\n<div>Il test di verifica:<\/div>\n<ul>\n<li>\u00e8 effettuato per via telematica;<\/li>\n<li>ha lo scopo di appurare il reale apprendimento delle materie trattate durante il corso di formazione;<\/li>\n<li>\u00e8 articolato in un questionario a scelta multipla e risposta singola;<\/li>\n<li>\u00e8 elaborato attraverso supporti tecnologici con\u00a0estrazione casuale delle domande e relative risposte da un database sufficientemente ampio, creando sequenze differenti per ogni singolo partecipante.<\/li>\n<\/ul>\n<h3>Attestato di Formazione<\/h3>\n<div>Al superamento del test verr\u00e0 rilasciato l\u2019attestato di aggiornamento idoneo a svolgere l\u2019attivit\u00e0 di revisore contabile del condominio.<\/div>\n<\/div>\n<div>\n<h3>Validit\u00e0<\/h3>\n<\/div>\n<div>\n<p>Il nostro corso \u00e8 conforme alla <a href=\"https:\/\/rb-academy.it\/docs\/UNI 11777.pdf\" target=\"_blank\" rel=\"noopener\">Norma Uni 11777:2020<\/a>.<\/p>\n<blockquote><p>6 Elementi per la valutazione e convalida dei risultati dell\u2019apprendimento.<br \/>\n6.2 Percorso di accesso alla valutazione e convalida dei risultati dell\u2019apprendimento.<\/p><\/blockquote>\n<\/div>\n<p>Ai fini della presente norma, si indica come ipotizzabile un percorso di accesso alla valutazione e convalida dei risultati dell\u2019apprendimento che tenga conto di:<\/p>\n<ol>\n<li>diploma di scuola secondaria di secondo grado;<\/li>\n<li>frequenza e superamento con esito positivo di un corso di formazione specifica in materia di revisione condominiale di almeno 48 ore.<\/li>\n<\/ol>\n<p><span style=\"color: #ff0000;\">Il corso ha validit\u00e0 di 1 anno dalla data di attivazione, salvo aggiornamenti. <\/span><\/p>\n<p><span style=\"text-decoration: underline; color: #ff0000;\"><strong>Oltre tale data il corso sar\u00e0 bloccato.<\/strong><\/span><\/p>\n<h3>Servizi offerti<\/h3>\n<ul>\n<li>Accesso 24 ore su 24 alla piattaforma formativa.<\/li>\n<li>Tutti i contenuti del corso sempre a disposizione fino al superamento del test finale.<\/li>\n<li>Download di tutti i materiali cartacei del corso e delle normative del settore.<\/li>\n<li>Quiz di supporto all\u2019apprendimento e di verifica delle conoscenze acquisite.<\/li>\n<li>Materiale didattico aggiornato con le pi\u00f9 recenti normative.<\/li>\n<li>Assistenza interattiva del docente e dei tutor tramite mail, chat e telefono.<\/li>\n<\/ul>\n<p><strong>Durante l\u2019intero periodo di fruizione del corso, il discente ha sempre la possibilit\u00e0 di rivedere illimitatamente ed in qualsiasi orario tutte le registrazioni audio\/video delle lezioni, ripetere tutte le esercitazioni proposte, rivedere o scaricare per la stampa ogni materiale offerto. E in qualsiasi momento potr\u00e0 sempre contattare i docenti per eventuali delucidazioni ottenendo risposte sollecite.<\/strong><\/p>\n<h3>Requisiti tecnici<\/h3>\n<ul>\n<li><strong>Linea Internet<\/strong>: Adsl 20M, Hsdpa.<\/li>\n<li><strong>Banda internet<\/strong>: i video vengono erogati in streaming, quindi sono scaricati progressivamente e visionati in tempo reale; sono realizzati con bitrate di\u00a0 circa 1,5 mbps (Es: all\u2019interno di una rete con Linea Adsl di 10M, quindi circa 7,4 Mbps, possono visionare in contemporanea le videolezioni 5 utenti; 1,5 mbps * 5 postazioni=7,5mbps).<\/li>\n<li><strong>Browser<\/strong>: Internet Explorer ver 9 e succ., Chrome, Firefox ver. 7 e succ., Safari ver. 2 e succ., Opera 10 e succ.; (HTML5).<\/li>\n<li><strong>Sistemi Operativi Consigliati<\/strong>: Windows 2000, Windows XP, Windows 7, Mac OS X 10 e succ.<\/li>\n<li><strong>IOS<\/strong>: Chrome, Safari.<\/li>\n<li><strong>Android<\/strong>: App Chrome.<\/li>\n<\/ul>\n<\/div>\n<p>[insert page=&#8217;faq-corsi-rb-academy&#8217; display=&#8217;all&#8217;]<\/p>\n","protected":false},"excerpt":{"rendered":"<p><span style=\"color: #999999;\"><strong>CONDOMINIO<\/strong><\/span><\/p>\n","protected":false},"featured_media":202301,"template":"","meta":[],"product_cat":[1004],"product_tag":[],"class_list":{"0":"post-29883","1":"product","2":"type-product","3":"status-publish","4":"has-post-thumbnail","6":"product_cat-condominio","8":"first","9":"instock","10":"sale","11":"virtual","12":"taxable","13":"purchasable","14":"product-type-simple"},"_links":{"self":[{"href":"https:\/\/www.rb-academy.it\/index.php?rest_route=\/wp\/v2\/product\/29883","targetHints":{"allow":["GET"]}}],"collection":[{"href":"https:\/\/www.rb-academy.it\/index.php?rest_route=\/wp\/v2\/product"}],"about":[{"href":"https:\/\/www.rb-academy.it\/index.php?rest_route=\/wp\/v2\/types\/product"}],"wp:featuredmedia":[{"embeddable":true,"href":"https:\/\/www.rb-academy.it\/index.php?rest_route=\/wp\/v2\/media\/202301"}],"wp:attachment":[{"href":"https:\/\/www.rb-academy.it\/index.php?rest_route=%2Fwp%2Fv2%2Fmedia&parent=29883"}],"wp:term":[{"taxonomy":"product_cat","embeddable":true,"href":"https:\/\/www.rb-academy.it\/index.php?rest_route=%2Fwp%2Fv2%2Fproduct_cat&post=29883"},{"taxonomy":"product_tag","embeddable":true,"href":"https:\/\/www.rb-academy.it\/index.php?rest_route=%2Fwp%2Fv2%2Fproduct_tag&post=29883"}],"curies":[{"name":"wp","href":"https:\/\/api.w.org\/{rel}","templated":true}]}}