{"id":29893,"date":"2021-05-19T08:09:46","date_gmt":"2021-05-19T06:09:46","guid":{"rendered":"https:\/\/rb-academy.it\/?post_type=product&#038;p=29893"},"modified":"2022-10-24T10:11:27","modified_gmt":"2022-10-24T08:11:27","slug":"corso-di-formazione-iniziale-per-amministratore-di-condominio","status":"publish","type":"product","link":"https:\/\/www.rb-academy.it\/?product=corso-di-formazione-iniziale-per-amministratore-di-condominio","title":{"rendered":"Corso di prima formazione per amministratore di condominio"},"content":{"rendered":"<h3>Obiettivo<\/h3>\n<div>Corso di avviamento all\u2019attivit\u00e0 di Amministratore di condominio\u00a0per l\u2019ottenimento dell\u2019attestato di formazione.<\/div>\n<div>Le attivit\u00e0 di formazione ed aggiornamento devono perseguire i seguenti obiettivi:<\/div>\n<ol>\n<li>migliorare e perfezionare la competenza tecnica, scientifica e giuridica in materia di amministrazione condominiale e di sicurezza degli edifici;<\/li>\n<li>promuovere il pi\u00f9 possibile l\u2019aggiornamento delle competenze appena indicate in ragione dell\u2019evoluzione normativa, giurisprudenziale, scientifica e dell\u2019innovazione tecnologica;<\/li>\n<li>accrescere lo studio e l\u2019approfondimento individuale quali presupposti per un esercizio professionale di qualit\u00e0.<\/li>\n<\/ol>\n<h3>Obblighi normativi<\/h3>\n<p>Il\u00a0<em><a href=\"http:\/\/www.gazzettaufficiale.it\/eli\/id\/2014\/09\/24\/14G00151\/sg%20\" target=\"_blank\" rel=\"noopener\">D.Lgs. n.140 del 13 agosto 2014<\/a><\/em>\u00a0contiene la disciplina dei requisiti professionali degli amministratori di condominio.<\/p>\n<h3>Destinatari<\/h3>\n<p>Tutti gli interessati a svolgere l\u2019attivit\u00e0 di amministratore di condominio.<\/p>\n<h3>Programma<\/h3>\n<p><a href=\"https:\/\/rb-academy.it\/wp-content\/uploads\/CodAmm24-Prima-formazione-per-amministratore-di-condominio-indice-1.pdf\" target=\"_blank\" rel=\"noopener\">CLICCA QUI<\/a> per scaricare il programma del corso di prima formazione per amministratori di condominio.<\/p>\n<div>\n<h3>Svolgimento del corso<\/h3>\n<p>Il\u00a0<strong>corso\u00a0 in modalit\u00e0 di e-learning<\/strong>\u00a0si svolge tramite l\u2019utilizzo di un qualsiasi pc dotato di connessione internet veloce (adsl \u2013 umts), smartphone o tablet cos\u00ec da rendere possibile accedere al servizio sia da casa che dall\u2019ufficio o da dove si preferisce ed in qualsiasi ora del giorno. Se per qualche motivo si \u00e8 costretti ad interrompere il corso, al nuovo accesso il sistema riprender\u00e0 il programma dal punto in cui si \u00e8 arrivati, evitando di dover ripetere tutto dal principio.<br \/>\nAll\u2019interno della piattaforma dedicata al corso per amministratore di condominio sar\u00e0 sempre disponibile il relativo materiale didattico scaricabile o consultabile direttamente dal computer, un compendio necessario ed importante nell\u2019approfondimento del percorso formativo.<\/p>\n<h3>Durata<\/h3>\n<p>Il corso ha una durata complessiva di 72 ore, di cui 48 di lezione e 24 di esercitazione.<\/p>\n<h3>Test di verifica<\/h3>\n<div>Maturate le ore di corso sulla piattaforma di formazione, \u00e8 possibile accedere al test di verifica con un nostro incaricato.<\/div>\n<div>Il test di verifica:<\/div>\n<ul>\n<li>\u00e8 effettuato per via telematica con la presenza di un nostro incaricato;<\/li>\n<li>ha lo scopo di appurare il reale apprendimento delle materie trattate durante il corso di formazione;<\/li>\n<li>\u00e8 articolato in un questionario a scelta multipla e risposta singola;<\/li>\n<li>\u00e8 elaborato attraverso supporti tecnologici con\u00a0estrazione casuale delle domande e relative risposte da un database sufficientemente ampio, creando sequenze differenti per ogni singolo partecipante.<\/li>\n<\/ul>\n<p>La data del test di verifica\u00a0si concorda con la Segreteria Didattica al termine del percorso didattico.<\/p>\n<h3>Attestato di Formazione<\/h3>\n<div>Al superamento del test verr\u00e0 rilasciato l\u2019attestato di formazione idoneo a svolgere l\u2019attivit\u00e0 di amministratore di condominio.<\/div>\n<\/div>\n<div>\n<h3>Validit\u00e0<\/h3>\n<\/div>\n<div>\n<p>Il nostro corso \u00e8 conforme al\u00a0<em><a href=\"https:\/\/www.gazzettaufficiale.it\/eli\/id\/2014\/09\/24\/14G00151\/sg\" target=\"_blank\" rel=\"noopener\">D.Lgs. n. 140 del 13 agosto 2014<\/a>.<\/em><\/p>\n<blockquote>\n<h3><em>Art. 3 (requisiti di onorabilit\u00e0 e professionalit\u00e0)\u00a0<\/em><\/h3>\n<p><em>I formatori devono provare al responsabile scientifico, con apposita documentazione, il possesso dei seguenti requisiti di <\/em><em>onorabilit\u00e0 e professionalit\u00e0:<br \/>\n<\/em><\/p>\n<ol>\n<li><em>il godimento dei diritti civili;<\/em><\/li>\n<li><em>di non essere stati condannati per delitti contro la pubblica amministrazione, l\u2019amministrazione della giustizia, la fede pubblica,\u00a0<\/em><em>il patrimonio o per ogni altro delitto non colposo per il quale la legge commina la pena della reclusione non inferiore, nel minimo, a\u00a0<\/em><em>due anni, e, nel massimo, a cinque anni;<\/em><\/li>\n<li><em>di non essere stati sottoposti a misure di prevenzione divenute definitive, salvo che non sia intervenuta la riabilitazione;<\/em><\/li>\n<li><em>di non essere interdetti o inabilitati;<\/em><\/li>\n<li><em>di aver maturato una specifica competenza in materia di amministrazione condominiale o di sicurezza degli edifici e di aver\u00a0<\/em><em>conseguito alternativamente uno dei seguenti titoli: laurea anche triennale; abilitazione alla libera professione; docenza in materie\u00a0<\/em><em>giuridiche, tecniche ed economiche presso universit\u00e0, istituti e scuole pubbliche o private riconosciute.<\/em><\/li>\n<\/ol>\n<p><em>Possono svolgere attivit\u00e0 di formazione ed aggiornamento anche:<\/em><\/p>\n<ol>\n<li><em>i docenti che abbiano elaborato almeno due pubblicazioni in materia di diritto condominiale o di sicurezza degli edifici, dotate di codice identificativo internazionale (ISBN) ai sensi dell\u2019articolo 1, lettera t), del decreto ministeriale 7 giugno 2012, n. 76;<\/em><\/li>\n<li><em>coloro che hanno gi\u00e0 svolto attivit\u00e0 di formazione in materia di diritto condominiale o di sicurezza degli edifici in corsi della durata di almeno 40 ore ciascuno, per almeno sei anni consecutivi prima della data di entrata in vigore del presente regolamento.<\/em><\/li>\n<\/ol>\n<\/blockquote>\n<p><span style=\"color: #ff0000;\">Il corso ha validit\u00e0 di 1 anno dalla data di attivazione, salvo aggiornamenti. <\/span><\/p>\n<p><span style=\"text-decoration: underline; color: #ff0000;\"><strong>Oltre tale data il corso sar\u00e0 bloccato.<\/strong><\/span><\/p>\n<\/div>\n<h3>Servizi offerti<\/h3>\n<ul>\n<li>Accesso 24 ore su 24 alla piattaforma formativa.<\/li>\n<li>Tutti i contenuti del corso sempre a disposizione fino al superamento del test finale.<\/li>\n<li>Download di tutti i materiali cartacei del corso e delle normative del settore.<\/li>\n<li>Quiz di supporto all\u2019apprendimento e di verifica delle conoscenze acquisite.<\/li>\n<li>Materiale didattico aggiornato con le pi\u00f9 recenti normative.<\/li>\n<li>Assistenza interattiva del docente e dei tutor tramite mail, chat e telefono.<\/li>\n<\/ul>\n<p><strong>Durante l\u2019intero periodo di fruizione del corso, il discente ha sempre la possibilit\u00e0 di rivedere illimitatamente ed in qualsiasi orario tutte le registrazioni audio\/video delle lezioni, ripetere tutte le esercitazioni proposte, rivedere o scaricare per la stampa ogni materiale offerto. E in qualsiasi momento potr\u00e0 sempre contattare i docenti per eventuali delucidazioni ottenendo risposte sollecite.<\/strong><\/p>\n<h3>Requisiti tecnici<\/h3>\n<ul>\n<li><strong>Linea Internet<\/strong>: Adsl 20M, Hsdpa.<\/li>\n<li><strong>Banda internet<\/strong>: i video vengono erogati in streaming, quindi sono scaricati progressivamente e visionati in tempo reale; sono realizzati con bitrate di\u00a0 circa 1,5 mbps (Es: all\u2019interno di una rete con Linea Adsl di 10M, quindi circa 7,4 Mbps, possono visionare in contemporanea le videolezioni 5 utenti; 1,5 mbps * 5 postazioni=7,5mbps).<\/li>\n<li><strong>Browser<\/strong>: Internet Explorer ver 9 e succ., Chrome, Firefox ver. 7 e succ., Safari ver. 2 e succ., Opera 10 e succ.; (HTML5).<\/li>\n<li><strong>Sistemi Operativi Consigliati<\/strong>: Windows 2000, Windows XP, Windows 7, Mac OS X 10 e succ.<\/li>\n<li><strong>IOS<\/strong>: Chrome, Safari.<\/li>\n<li><strong>Android<\/strong>: App Chrome.<\/li>\n<\/ul>\n<p>&nbsp;<\/p>\n<p>[insert page=&#8217;faq-corsi-rb-academy&#8217; display=&#8217;all&#8217;]<\/p>\n","protected":false},"excerpt":{"rendered":"<p><span style=\"color: #999999;\"><strong>CONDOMINIO<\/strong><\/span><\/p>\n","protected":false},"featured_media":202299,"template":"","meta":[],"product_cat":[1004],"product_tag":[],"class_list":{"0":"post-29893","1":"product","2":"type-product","3":"status-publish","4":"has-post-thumbnail","6":"product_cat-condominio","8":"first","9":"instock","10":"sale","11":"virtual","12":"taxable","13":"purchasable","14":"product-type-simple"},"_links":{"self":[{"href":"https:\/\/www.rb-academy.it\/index.php?rest_route=\/wp\/v2\/product\/29893","targetHints":{"allow":["GET"]}}],"collection":[{"href":"https:\/\/www.rb-academy.it\/index.php?rest_route=\/wp\/v2\/product"}],"about":[{"href":"https:\/\/www.rb-academy.it\/index.php?rest_route=\/wp\/v2\/types\/product"}],"wp:featuredmedia":[{"embeddable":true,"href":"https:\/\/www.rb-academy.it\/index.php?rest_route=\/wp\/v2\/media\/202299"}],"wp:attachment":[{"href":"https:\/\/www.rb-academy.it\/index.php?rest_route=%2Fwp%2Fv2%2Fmedia&parent=29893"}],"wp:term":[{"taxonomy":"product_cat","embeddable":true,"href":"https:\/\/www.rb-academy.it\/index.php?rest_route=%2Fwp%2Fv2%2Fproduct_cat&post=29893"},{"taxonomy":"product_tag","embeddable":true,"href":"https:\/\/www.rb-academy.it\/index.php?rest_route=%2Fwp%2Fv2%2Fproduct_tag&post=29893"}],"curies":[{"name":"wp","href":"https:\/\/api.w.org\/{rel}","templated":true}]}}